{"id":31362,"date":"2025-01-09T14:59:22","date_gmt":"2025-01-09T06:59:22","guid":{"rendered":"https:\/\/incit.org\/?page_id=31362"},"modified":"2025-04-23T00:12:03","modified_gmt":"2025-04-22T16:12:03","slug":"submission-form","status":"publish","type":"page","link":"https:\/\/incit.org\/az\/insights\/xiripedia\/submission-form\/","title":{"rendered":"XIRIPedia T\u0259qdimat formas\u0131"},"content":{"rendered":"<div data-elementor-type=\"wp-page\" data-elementor-id=\"31362\" class=\"elementor elementor-31362\" data-elementor-post-type=\"page\">\n\t\t\t\t<div class=\"elementor-element elementor-element-188b48b e-flex e-con-boxed e-con e-parent\" data-id=\"188b48b\" data-element_type=\"container\" data-e-type=\"container\" data-settings=\"{&quot;background_background&quot;:&quot;classic&quot;}\">\n\t\t\t\t\t<div class=\"e-con-inner\">\n\t\t<div class=\"elementor-element elementor-element-ea156d8 e-flex e-con-boxed e-con e-child\" data-id=\"ea156d8\" data-element_type=\"container\" data-e-type=\"container\">\n\t\t\t\t\t<div class=\"e-con-inner\">\n\t\t\t\t<div class=\"elementor-element elementor-element-8123c2e elementor-widget elementor-widget-heading\" data-id=\"8123c2e\" data-element_type=\"widget\" data-e-type=\"widget\" data-widget_type=\"heading.default\">\n\t\t\t\t<div class=\"elementor-widget-container\">\n\t\t\t\t\t<h1 class=\"elementor-heading-title elementor-size-default\">T\u0259qdimat formas\u0131<\/h1>\t\t\t\t<\/div>\n\t\t\t\t<\/div>\n\t\t\t\t\t<\/div>\n\t\t\t\t<\/div>\n\t\t<div class=\"elementor-element elementor-element-edf0b70 e-flex e-con-boxed e-con e-child\" data-id=\"edf0b70\" data-element_type=\"container\" data-e-type=\"container\" data-settings=\"{&quot;position&quot;:&quot;absolute&quot;}\">\n\t\t\t\t\t<div class=\"e-con-inner\">\n\t\t\t\t<div class=\"elementor-element elementor-element-7fc0482 elementor-widget elementor-widget-html\" data-id=\"7fc0482\" data-element_type=\"widget\" data-e-type=\"widget\" data-widget_type=\"html.default\">\n\t\t\t\t<div class=\"elementor-widget-container\">\n\t\t\t\t\t<style>\n    #custom__breadcrumbs, #custom__breadcrumbs-mobile {\n     display:flex;align-items:center;column-gap:5px;   \n    }\n    #custom__breadcrumbs a, #custom__breadcrumbs-mobile a {\n        text-decoration: none;\n        color: white !important;\n        font-family: \"Public Sans\", Sans-Serif;\n        font-weight: 400;\n        font-size: 1rem;\n        letter-spacing: -0.2px;\n    }\n    #custom__breadcrumbs a:hover , #custom__breadcrumbs-mobile a:hover{\n         text-decoration: underline;\n    }\n    @media only screen and (max-width:1024px) {\n        #custom__breadcrumbs a , #custom__breadcrumbs-mobile a{\n            text-decoration: none;\n            color: white !important;\n            font-family: \"Public Sans\", Sans-Serif;\n            font-weight: 400;\n            font-size: 0.875rem;\n            letter-spacing: -0.2px;\n        }\n        #custom__breadcrumbs {\n            display: none;\n        }\n    }\n    @media only screen and (min-width:1025px) {\n        #custom__breadcrumbs-mobile {\n            display: none;\n        }\n    }\n<\/style>\n<div id=\"custom__breadcrumbs\">\n    <a href=\"\/az\/\">\n    <svg style=\"display:flex\" width=\"20\" height=\"21\" viewbox=\"0 0 20 21\" fill=\"none\" xmlns=\"http:\/\/www.w3.org\/2000\/svg\">\n            <path d=\"M7.63105 17.8108V15.2552C7.63104 14.6052 8.16097 14.077 8.81755 14.0726H11.2226C11.8823 14.0726 12.4171 14.6021 12.4171 15.2552V15.2552V17.8187C12.417 18.3706 12.8619 18.8217 13.4192 18.8346H15.0226C16.621 18.8346 17.9167 17.5519 17.9167 15.9695V15.9695V8.6995C17.9082 8.07699 17.6129 7.49243 17.115 7.11216L11.6315 2.73905C10.6708 1.97761 9.30521 1.97761 8.34456 2.73905L2.88506 7.1201C2.38526 7.49882 2.08953 8.08436 2.08337 8.70743V15.9695C2.08337 17.5519 3.3791 18.8346 4.97747 18.8346H6.58084C7.152 18.8346 7.61502 18.3763 7.61502 17.8108V17.8108\" stroke=\"white\" stroke-width=\"1.5\" stroke-linecap=\"round\" stroke-linejoin=\"round\"\/>\n        <\/svg>\n    <\/a>\n    <svg width=\"15\" height=\"13\" viewbox=\"0 0 15 13\" fill=\"none\" xmlns=\"http:\/\/www.w3.org\/2000\/svg\">\n<path d=\"M10.3828 6.3125L6.07732 1.89453C6.02576 1.84375 5.99998 1.77604 5.99998 1.69141C5.99998 1.60677 6.02576 1.53906 6.07732 1.48828L6.85076 0.701172C6.90232 0.650391 6.97107 0.625 7.05701 0.625C7.14294 0.625 7.21169 0.650391 7.26326 0.701172L12.5226 6.10938C12.5484 6.13477 12.5677 6.16439 12.5806 6.19824C12.5935 6.2321 12.6 6.27018 12.6 6.3125C12.6 6.34635 12.5935 6.38232 12.5806 6.42041C12.5677 6.4585 12.5484 6.49023 12.5226 6.51562L7.26326 11.9238C7.21169 11.9746 7.14294 12 7.05701 12C6.97107 12 6.90232 11.9746 6.85076 11.9238L6.07732 11.1367C6.02576 11.0859 5.99998 11.0182 5.99998 10.9336C5.99998 10.849 6.02576 10.7812 6.07732 10.7305L10.3828 6.3125Z\" fill=\"white\"\/>\n<\/svg>\n    <a href=\"\/az\/insights\/\">Anlay\u0131\u015flar<\/a>\n    <svg width=\"15\" height=\"13\" viewbox=\"0 0 15 13\" fill=\"none\" xmlns=\"http:\/\/www.w3.org\/2000\/svg\">\n<path d=\"M10.3828 6.3125L6.07732 1.89453C6.02576 1.84375 5.99998 1.77604 5.99998 1.69141C5.99998 1.60677 6.02576 1.53906 6.07732 1.48828L6.85076 0.701172C6.90232 0.650391 6.97107 0.625 7.05701 0.625C7.14294 0.625 7.21169 0.650391 7.26326 0.701172L12.5226 6.10938C12.5484 6.13477 12.5677 6.16439 12.5806 6.19824C12.5935 6.2321 12.6 6.27018 12.6 6.3125C12.6 6.34635 12.5935 6.38232 12.5806 6.42041C12.5677 6.4585 12.5484 6.49023 12.5226 6.51562L7.26326 11.9238C7.21169 11.9746 7.14294 12 7.05701 12C6.97107 12 6.90232 11.9746 6.85076 11.9238L6.07732 11.1367C6.02576 11.0859 5.99998 11.0182 5.99998 10.9336C5.99998 10.849 6.02576 10.7812 6.07732 10.7305L10.3828 6.3125Z\" fill=\"white\"\/>\n<\/svg>\n    <a href=\"\/az\/insights\/xiripedia\/\">XIRIPedia<\/a>\n    <svg width=\"15\" height=\"13\" viewbox=\"0 0 15 13\" fill=\"none\" xmlns=\"http:\/\/www.w3.org\/2000\/svg\">\n<path d=\"M10.3828 6.3125L6.07732 1.89453C6.02576 1.84375 5.99998 1.77604 5.99998 1.69141C5.99998 1.60677 6.02576 1.53906 6.07732 1.48828L6.85076 0.701172C6.90232 0.650391 6.97107 0.625 7.05701 0.625C7.14294 0.625 7.21169 0.650391 7.26326 0.701172L12.5226 6.10938C12.5484 6.13477 12.5677 6.16439 12.5806 6.19824C12.5935 6.2321 12.6 6.27018 12.6 6.3125C12.6 6.34635 12.5935 6.38232 12.5806 6.42041C12.5677 6.4585 12.5484 6.49023 12.5226 6.51562L7.26326 11.9238C7.21169 11.9746 7.14294 12 7.05701 12C6.97107 12 6.90232 11.9746 6.85076 11.9238L6.07732 11.1367C6.02576 11.0859 5.99998 11.0182 5.99998 10.9336C5.99998 10.849 6.02576 10.7812 6.07732 10.7305L10.3828 6.3125Z\" fill=\"white\"\/>\n<\/svg>\n    <a href=\"\/az\/insights\/xiripedia\/submission-form\/\">T\u0259qdimat formas\u0131<\/a>\n<\/div>\n<div id=\"custom__breadcrumbs-mobile\">\n    <a href=\"\/az\/\">\n    <svg style=\"display:flex\" width=\"20\" height=\"21\" viewbox=\"0 0 20 21\" fill=\"none\" xmlns=\"http:\/\/www.w3.org\/2000\/svg\">\n            <path d=\"M7.63105 17.8108V15.2552C7.63104 14.6052 8.16097 14.077 8.81755 14.0726H11.2226C11.8823 14.0726 12.4171 14.6021 12.4171 15.2552V15.2552V17.8187C12.417 18.3706 12.8619 18.8217 13.4192 18.8346H15.0226C16.621 18.8346 17.9167 17.5519 17.9167 15.9695V15.9695V8.6995C17.9082 8.07699 17.6129 7.49243 17.115 7.11216L11.6315 2.73905C10.6708 1.97761 9.30521 1.97761 8.34456 2.73905L2.88506 7.1201C2.38526 7.49882 2.08953 8.08436 2.08337 8.70743V15.9695C2.08337 17.5519 3.3791 18.8346 4.97747 18.8346H6.58084C7.152 18.8346 7.61502 18.3763 7.61502 17.8108V17.8108\" stroke=\"white\" stroke-width=\"1.5\" stroke-linecap=\"round\" stroke-linejoin=\"round\"\/>\n        <\/svg>\n    <\/a>\n    <svg width=\"15\" height=\"13\" viewbox=\"0 0 15 13\" fill=\"none\" xmlns=\"http:\/\/www.w3.org\/2000\/svg\">\n<path d=\"M10.3828 6.3125L6.07732 1.89453C6.02576 1.84375 5.99998 1.77604 5.99998 1.69141C5.99998 1.60677 6.02576 1.53906 6.07732 1.48828L6.85076 0.701172C6.90232 0.650391 6.97107 0.625 7.05701 0.625C7.14294 0.625 7.21169 0.650391 7.26326 0.701172L12.5226 6.10938C12.5484 6.13477 12.5677 6.16439 12.5806 6.19824C12.5935 6.2321 12.6 6.27018 12.6 6.3125C12.6 6.34635 12.5935 6.38232 12.5806 6.42041C12.5677 6.4585 12.5484 6.49023 12.5226 6.51562L7.26326 11.9238C7.21169 11.9746 7.14294 12 7.05701 12C6.97107 12 6.90232 11.9746 6.85076 11.9238L6.07732 11.1367C6.02576 11.0859 5.99998 11.0182 5.99998 10.9336C5.99998 10.849 6.02576 10.7812 6.07732 10.7305L10.3828 6.3125Z\" fill=\"white\"\/>\n<\/svg>\n    <a href=\"\/az\/insights\/xiripedia\/\">XIRIPedia<\/a>\n    <svg width=\"15\" height=\"13\" viewbox=\"0 0 15 13\" fill=\"none\" xmlns=\"http:\/\/www.w3.org\/2000\/svg\">\n<path d=\"M10.3828 6.3125L6.07732 1.89453C6.02576 1.84375 5.99998 1.77604 5.99998 1.69141C5.99998 1.60677 6.02576 1.53906 6.07732 1.48828L6.85076 0.701172C6.90232 0.650391 6.97107 0.625 7.05701 0.625C7.14294 0.625 7.21169 0.650391 7.26326 0.701172L12.5226 6.10938C12.5484 6.13477 12.5677 6.16439 12.5806 6.19824C12.5935 6.2321 12.6 6.27018 12.6 6.3125C12.6 6.34635 12.5935 6.38232 12.5806 6.42041C12.5677 6.4585 12.5484 6.49023 12.5226 6.51562L7.26326 11.9238C7.21169 11.9746 7.14294 12 7.05701 12C6.97107 12 6.90232 11.9746 6.85076 11.9238L6.07732 11.1367C6.02576 11.0859 5.99998 11.0182 5.99998 10.9336C5.99998 10.849 6.02576 10.7812 6.07732 10.7305L10.3828 6.3125Z\" fill=\"white\"\/>\n<\/svg>\n    <a href=\"\/az\/insights\/xiripedia\/submission-form\/\">T\u0259qdimat formas\u0131<\/a>\n<\/div>\t\t\t\t<\/div>\n\t\t\t\t<\/div>\n\t\t\t\t\t<\/div>\n\t\t\t\t<\/div>\n\t\t\t\t\t<\/div>\n\t\t\t\t<\/div>\n\t\t<div class=\"elementor-element elementor-element-c040563 e-flex e-con-boxed e-con e-parent\" data-id=\"c040563\" data-element_type=\"container\" data-e-type=\"container\">\n\t\t\t\t\t<div class=\"e-con-inner\">\n\t\t<div class=\"elementor-element elementor-element-d1c7076 e-flex e-con-boxed e-con e-child\" data-id=\"d1c7076\" data-element_type=\"container\" data-e-type=\"container\">\n\t\t\t\t\t<div class=\"e-con-inner\">\n\t\t\t\t<div class=\"elementor-element elementor-element-81d2832 elementor-widget elementor-widget-heading\" data-id=\"81d2832\" data-element_type=\"widget\" data-e-type=\"widget\" data-widget_type=\"heading.default\">\n\t\t\t\t<div class=\"elementor-widget-container\">\n\t\t\t\t\t<h2 class=\"elementor-heading-title elementor-size-default\">XIRIPedia-n\u0131 biziml\u0259 geni\u015fl\u0259ndirin<\/h2>\t\t\t\t<\/div>\n\t\t\t\t<\/div>\n\t\t\t\t<div class=\"elementor-element elementor-element-a7fa0fe elementor-widget elementor-widget-text-editor\" data-id=\"a7fa0fe\" data-element_type=\"widget\" data-e-type=\"widget\" data-widget_type=\"text-editor.default\">\n\t\t\t\t<div class=\"elementor-widget-container\">\n\t\t\t\t\t\t\t\t\t<p>Biz h\u0259m s\u0259naye m\u00fct\u0259x\u0259ssisl\u0259ri, h\u0259m h\u0259v\u0259skarlar, h\u0259m d\u0259 \u00f6yr\u0259n\u0259nl\u0259r \u00fc\u00e7\u00fcn h\u0259rt\u0259r\u0259fli resurslar\u0131n haz\u0131rlanmas\u0131na h\u0259sr olunmu\u015fuq. Sizin t\u00f6hf\u0259l\u0259riniz l\u00fc\u011f\u0259timizi y\u00fcks\u0259ld\u0259 bil\u0259r v\u0259 onu c\u0259miyy\u0259t \u00fc\u00e7\u00fcn daha da d\u0259y\u0259rli aktiv\u0259 \u00e7evir\u0259 bil\u0259r. <br \/><br \/>Daxil olmaq \u00fc\u00e7\u00fcn termin t\u0259klif etm\u0259k \u00fc\u00e7\u00fcn sad\u0259c\u0259 olaraq termin, onun t\u0259rifi v\u0259 h\u0259r hans\u0131 m\u00fcvafiq kontekst v\u0259 ya n\u00fcmun\u0259 il\u0259 a\u015fa\u011f\u0131dak\u0131 forman\u0131 t\u0259qdim edin. Komandam\u0131z h\u0259r bir t\u0259qdimat\u0131 diqq\u0259tl\u0259 n\u0259z\u0259rd\u0259n ke\u00e7ir\u0259c\u0259k v\u0259 t\u0259sdiq edildikd\u0259n sonra onu l\u00fc\u011f\u0259timiz\u0259 birl\u0259\u015fdir\u0259c\u0259k.<\/p>\t\t\t\t\t\t\t\t<\/div>\n\t\t\t\t<\/div>\n\t\t\t\t\t<\/div>\n\t\t\t\t<\/div>\n\t\t\t\t\t<\/div>\n\t\t\t\t<\/div>\n\t\t<div class=\"elementor-element elementor-element-ff84017 e-flex e-con-boxed e-con e-parent\" data-id=\"ff84017\" data-element_type=\"container\" data-e-type=\"container\">\n\t\t\t\t\t<div class=\"e-con-inner\">\n\t\t<div class=\"elementor-element elementor-element-5f8a004 e-flex e-con-boxed e-con e-child\" data-id=\"5f8a004\" data-element_type=\"container\" data-e-type=\"container\">\n\t\t\t\t\t<div class=\"e-con-inner\">\n\t\t\t\t<div class=\"elementor-element elementor-element-85138be elementor-input-reorder elementor-button-align-stretch elementor-widget elementor-widget-form\" data-id=\"85138be\" data-element_type=\"widget\" data-e-type=\"widget\" data-settings=\"{&quot;button_width&quot;:&quot;20&quot;,&quot;button_width_tablet&quot;:&quot;100&quot;,&quot;step_next_label&quot;:&quot;Next&quot;,&quot;step_previous_label&quot;:&quot;Previous&quot;,&quot;step_type&quot;:&quot;number_text&quot;,&quot;step_icon_shape&quot;:&quot;circle&quot;}\" data-widget_type=\"form.default\">\n\t\t\t\t<div class=\"elementor-widget-container\">\n\t\t\t\t\t\t\t<form class=\"elementor-form\" method=\"post\" name=\"XIRIPedia Submission Form\" aria-label=\"XIRIPedia T\u0259qdim Formas\u0131\" action=\"\">\n\t\t\t<input type=\"hidden\" name=\"post_id\" value=\"31362\"\/>\n\t\t\t<input type=\"hidden\" name=\"form_id\" value=\"85138be\"\/>\n\t\t\t<input type=\"hidden\" name=\"referer_title\" value=\"\" \/>\n\n\t\t\t\n\t\t\t<div class=\"elementor-form-fields-wrapper elementor-labels-above\">\n\t\t\t\t\t\t\t\t<div class=\"elementor-field-type-text elementor-field-group elementor-column elementor-field-group-name elementor-col-100 elementor-field-required elementor-mark-required\">\n\t\t\t\t\t\t\t\t\t\t\t\t<label for=\"form-field-name\" class=\"elementor-field-label\">\n\t\t\t\t\t\t\t\tad\t\t\t\t\t\t\t<\/label>\n\t\t\t\t\t\t\t\t\t\t\t\t\t\t<input size=\"1\" type=\"text\" name=\"form_fields[name]\" id=\"form-field-name\" class=\"elementor-field elementor-size-sm  elementor-field-textual\" required=\"required\">\n\t\t\t\t\t\t\t\t\t\t\t<\/div>\n\t\t\t\t\t\t\t\t<div class=\"elementor-field-type-email elementor-field-group elementor-column elementor-field-group-user_email elementor-col-50 elementor-field-required elementor-mark-required\">\n\t\t\t\t\t\t\t\t\t\t\t\t<label for=\"form-field-user_email\" class=\"elementor-field-label\">\n\t\t\t\t\t\t\t\tE-po\u00e7t \u00fcnvan\u0131\t\t\t\t\t\t\t<\/label>\n\t\t\t\t\t\t\t\t\t\t\t\t\t\t<input size=\"1\" type=\"email\" name=\"form_fields[user_email]\" id=\"form-field-user_email\" class=\"elementor-field elementor-size-sm  elementor-field-textual\" required=\"required\">\n\t\t\t\t\t\t\t\t\t\t\t<\/div>\n\t\t\t\t\t\t\t\t<div class=\"elementor-field-type-text elementor-field-group elementor-column elementor-field-group-field_8c010c6 elementor-col-50 elementor-field-required elementor-mark-required\">\n\t\t\t\t\t\t\t\t\t\t\t\t<label for=\"form-field-field_8c010c6\" class=\"elementor-field-label\">\n\t\t\t\t\t\t\t\tV\u0259zif\u0259 ad\u0131\t\t\t\t\t\t\t<\/label>\n\t\t\t\t\t\t\t\t\t\t\t\t\t\t<input size=\"1\" type=\"text\" name=\"form_fields[field_8c010c6]\" id=\"form-field-field_8c010c6\" class=\"elementor-field elementor-size-sm  elementor-field-textual\" required=\"required\">\n\t\t\t\t\t\t\t\t\t\t\t<\/div>\n\t\t\t\t\t\t\t\t<div class=\"elementor-field-type-text elementor-field-group elementor-column elementor-field-group-field_dc0e99a elementor-col-100 elementor-field-required elementor-mark-required\">\n\t\t\t\t\t\t\t\t\t\t\t\t<label for=\"form-field-field_dc0e99a\" class=\"elementor-field-label\">\n\t\t\t\t\t\t\t\t\u015eirk\u0259t\/T\u0259\u015fkilat\t\t\t\t\t\t\t<\/label>\n\t\t\t\t\t\t\t\t\t\t\t\t\t\t<input size=\"1\" type=\"text\" name=\"form_fields[field_dc0e99a]\" id=\"form-field-field_dc0e99a\" class=\"elementor-field elementor-size-sm  elementor-field-textual\" required=\"required\">\n\t\t\t\t\t\t\t\t\t\t\t<\/div>\n\t\t\t\t\t\t\t\t<div class=\"elementor-field-type-text elementor-field-group elementor-column elementor-field-group-field_ab07019 elementor-col-100 elementor-field-required elementor-mark-required\">\n\t\t\t\t\t\t\t\t\t\t\t\t<label for=\"form-field-field_ab07019\" class=\"elementor-field-label\">\n\t\t\t\t\t\t\t\tT\u0259klif olunan m\u00fcdd\u0259t\t\t\t\t\t\t\t<\/label>\n\t\t\t\t\t\t\t\t\t\t\t\t\t\t<input size=\"1\" type=\"text\" name=\"form_fields[field_ab07019]\" id=\"form-field-field_ab07019\" class=\"elementor-field elementor-size-sm  elementor-field-textual\" required=\"required\">\n\t\t\t\t\t\t\t\t\t\t\t<\/div>\n\t\t\t\t\t\t\t\t<div class=\"elementor-field-type-textarea elementor-field-group elementor-column elementor-field-group-field_fdbe0e8 elementor-col-100 elementor-field-required elementor-mark-required\">\n\t\t\t\t\t\t\t\t\t\t\t\t<label for=\"form-field-field_fdbe0e8\" class=\"elementor-field-label\">\n\t\t\t\t\t\t\t\tTermin t\u0259rifi\t\t\t\t\t\t\t<\/label>\n\t\t\t\t\t\t<textarea class=\"elementor-field-textual elementor-field  elementor-size-sm\" name=\"form_fields[field_fdbe0e8]\" id=\"form-field-field_fdbe0e8\" rows=\"4\" required=\"required\"><\/textarea>\t\t\t\t<\/div>\n\t\t\t\t\t\t\t\t<div class=\"elementor-field-type-textarea elementor-field-group elementor-column elementor-field-group-field_78fd837 elementor-col-100\">\n\t\t\t\t\t\t\t\t\t\t\t\t<label for=\"form-field-field_78fd837\" class=\"elementor-field-label\">\n\t\t\t\t\t\t\t\t\u018flav\u0259 t\u0259f\u0259rr\u00fcatlar\t\t\t\t\t\t\t<\/label>\n\t\t\t\t\t\t<textarea class=\"elementor-field-textual elementor-field  elementor-size-sm\" name=\"form_fields[field_78fd837]\" id=\"form-field-field_78fd837\" rows=\"4\"><\/textarea>\t\t\t\t<\/div>\n\t\t\t\t\t\t\t\t<div class=\"elementor-field-type-acceptance elementor-field-group elementor-column elementor-field-group-field_ed4f2b1 elementor-col-100 elementor-field-required elementor-mark-required\">\n\t\t\t\t\t\t\t<div class=\"elementor-field-subgroup\">\n\t\t\t<span class=\"elementor-field-option\">\n\t\t\t\t<input type=\"checkbox\" name=\"form_fields[field_ed4f2b1]\" id=\"form-field-field_ed4f2b1\" class=\"elementor-field elementor-size-sm  elementor-acceptance-field\" required=\"required\">\n\t\t\t\t<label for=\"form-field-field_ed4f2b1\">Bu forman\u0131 t\u0259qdim etm\u0259kl\u0259, INCIT-in m\u0259n\u0259 INCIT-in xidm\u0259tl\u0259ri haqq\u0131nda m\u0259lumat g\u00f6nd\u0259rm\u0259k \u00fc\u00e7\u00fcn \u015f\u0259xsi m\u0259lumatlar\u0131m\u0131 toplamas\u0131na v\u0259 emal etm\u0259sin\u0259 raz\u0131yam. \u018flav\u0259 m\u0259lumat \u00fc\u00e7\u00fcn, l\u00fctf\u0259n, biziml\u0259 \u0259laq\u0259 saxlay\u0131n <a href=\"\/az\/privacy-policy\/\" style=\"color:#5DD8CD\">M\u0259xfilik Bildiri\u015fi<\/a>.<\/label>\t\t\t<\/span>\n\t\t<\/div>\n\t\t\t\t\t\t<\/div>\n\t\t\t\t\t\t\t\t<div class=\"elementor-field-type-recaptcha_v3 elementor-field-group elementor-column elementor-field-group-field_7a21740 elementor-col-100 recaptcha_v3-bottomright\">\n\t\t\t\t\t<div class=\"elementor-field\" id=\"form-field-field_7a21740\"><div class=\"elementor-g-recaptcha\" data-sitekey=\"6Le0bpYqAAAAAKhXFConI5q_LXnYmQ-v5GZ5eq_M\" data-type=\"v3\" data-action=\"Form\" data-badge=\"bottomright\" data-size=\"invisible\"><\/div><\/div>\t\t\t\t<\/div>\n\t\t\t\t\t\t\t\t<div class=\"elementor-field-group elementor-column elementor-field-type-submit elementor-col-20 e-form__buttons elementor-md-100\">\n\t\t\t\t\t<button class=\"elementor-button elementor-size-sm\" type=\"submit\">\n\t\t\t\t\t\t<span class=\"elementor-button-content-wrapper\">\n\t\t\t\t\t\t\t\t\t\t\t\t\t\t\t\t\t\t\t\t\t\t<span class=\"elementor-button-text\">T\u0259qdim et<\/span>\n\t\t\t\t\t\t\t\t\t\t\t\t\t<\/span>\n\t\t\t\t\t<\/button>\n\t\t\t\t<\/div>\n\t\t\t<\/div>\n\t\t<input type=\"hidden\" name=\"trp-form-language\" value=\"az\"\/><\/form>\n\t\t\t\t\t\t<\/div>\n\t\t\t\t<\/div>\n\t\t\t\t\t<\/div>\n\t\t\t\t<\/div>\n\t\t\t\t\t<\/div>\n\t\t\t\t<\/div>\n\t\t\t\t<\/div>","protected":false},"excerpt":{"rendered":"<p>T\u0259qdimat formas\u0131 Insights XIRIPedia T\u0259qdimat formas\u0131 XIRIPedia T\u0259qdimetm\u0259 formas\u0131 XIRIPedia-n\u0131 biziml\u0259 geni\u015fl\u0259ndirin. Sizin t\u00f6hf\u0259l\u0259riniz l\u00fc\u011f\u0259timizi y\u00fcks\u0259ld\u0259 bil\u0259r v\u0259 onu c\u0259miyy\u0259t \u00fc\u00e7\u00fcn daha da d\u0259y\u0259rli aktiv\u0259 \u00e7evir\u0259 bil\u0259r. Daxil olma m\u00fcdd\u0259ti t\u0259klif etm\u0259k \u00fc\u00e7\u00fcn a\u015fa\u011f\u0131dak\u0131 forman\u0131 [\u2026] il\u0259 t\u0259qdim edin.<\/p>","protected":false},"author":1,"featured_media":34961,"parent":29984,"menu_order":0,"comment_status":"closed","ping_status":"closed","template":"","meta":{"_acf_changed":false,"footnotes":""},"class_list":["post-31362","page","type-page","status-publish","has-post-thumbnail","hentry"],"acf":[],"_links":{"self":[{"href":"https:\/\/incit.org\/az\/wp-json\/wp\/v2\/pages\/31362","targetHints":{"allow":["GET"]}}],"collection":[{"href":"https:\/\/incit.org\/az\/wp-json\/wp\/v2\/pages"}],"about":[{"href":"https:\/\/incit.org\/az\/wp-json\/wp\/v2\/types\/page"}],"author":[{"embeddable":true,"href":"https:\/\/incit.org\/az\/wp-json\/wp\/v2\/users\/1"}],"replies":[{"embeddable":true,"href":"https:\/\/incit.org\/az\/wp-json\/wp\/v2\/comments?post=31362"}],"version-history":[{"count":8,"href":"https:\/\/incit.org\/az\/wp-json\/wp\/v2\/pages\/31362\/revisions"}],"predecessor-version":[{"id":44134,"href":"https:\/\/incit.org\/az\/wp-json\/wp\/v2\/pages\/31362\/revisions\/44134"}],"up":[{"embeddable":true,"href":"https:\/\/incit.org\/az\/wp-json\/wp\/v2\/pages\/29984"}],"wp:featuredmedia":[{"embeddable":true,"href":"https:\/\/incit.org\/az\/wp-json\/wp\/v2\/media\/34961"}],"wp:attachment":[{"href":"https:\/\/incit.org\/az\/wp-json\/wp\/v2\/media?parent=31362"}],"curies":[{"name":"wp","href":"https:\/\/api.w.org\/{rel}","templated":true}]}}