{"id":29995,"date":"2024-11-24T19:36:02","date_gmt":"2024-11-24T11:36:02","guid":{"rendered":"https:\/\/incit.org\/?page_id=29995"},"modified":"2025-04-23T00:13:19","modified_gmt":"2025-04-22T16:13:19","slug":"search","status":"publish","type":"page","link":"https:\/\/incit.org\/pl\/search\/","title":{"rendered":"Szukaj"},"content":{"rendered":"<div data-elementor-type=\"wp-page\" data-elementor-id=\"29995\" class=\"elementor elementor-29995\" data-elementor-post-type=\"page\">\n\t\t\t\t<div class=\"elementor-element elementor-element-9aa6702 e-flex e-con-boxed e-con e-parent\" data-id=\"9aa6702\" data-element_type=\"container\" data-e-type=\"container\" data-settings=\"{&quot;background_background&quot;:&quot;classic&quot;}\">\n\t\t\t\t\t<div class=\"e-con-inner\">\n\t\t<div class=\"elementor-element elementor-element-755e057 e-con-full e-flex e-con e-child\" data-id=\"755e057\" data-element_type=\"container\" data-e-type=\"container\">\n\t\t\t\t<div class=\"elementor-element elementor-element-bed7b8a elementor-search-form--skin-classic elementor-search-form--button-type-icon elementor-search-form--icon-search elementor-widget elementor-widget-search-form\" data-id=\"bed7b8a\" data-element_type=\"widget\" data-e-type=\"widget\" data-settings=\"{&quot;skin&quot;:&quot;classic&quot;}\" data-widget_type=\"search-form.default\">\n\t\t\t\t<div class=\"elementor-widget-container\">\n\t\t\t\t\t\t\t<search role=\"search\">\n\t\t\t<form class=\"elementor-search-form\" action=\"https:\/\/incit.org\/pl\/\" method=\"get\" data-trp-original-action=\"https:\/\/incit.org\/pl\">\n\t\t\t\t\t\t\t\t\t\t\t\t<div class=\"elementor-search-form__container\">\n\t\t\t\t\t<label class=\"elementor-screen-only\" for=\"elementor-search-form-bed7b8a\">Szukaj<\/label>\n\n\t\t\t\t\t\n\t\t\t\t\t<input id=\"elementor-search-form-bed7b8a\" placeholder=\"Wpisz, aby wyszuka\u0107...\" class=\"elementor-search-form__input\" type=\"search\" name=\"s\" value=\"\">\n\t\t\t\t\t\n\t\t\t\t\t\t\t\t\t\t\t<button class=\"elementor-search-form__submit\" type=\"submit\" aria-label=\"Szukaj\">\n\t\t\t\t\t\t\t\t\t\t\t\t\t\t\t<div class=\"e-font-icon-svg-container\"><svg class=\"fa fa-search e-font-icon-svg e-fas-search\" viewbox=\"0 0 512 512\" xmlns=\"http:\/\/www.w3.org\/2000\/svg\"><path d=\"M505 442.7L405.3 343c-4.5-4.5-10.6-7-17-7H372c27.6-35.3 44-79.7 44-128C416 93.1 322.9 0 208 0S0 93.1 0 208s93.1 208 208 208c48.3 0 92.7-16.4 128-44v16.3c0 6.4 2.5 12.5 7 17l99.7 99.7c9.4 9.4 24.6 9.4 33.9 0l28.3-28.3c9.4-9.4 9.4-24.6.1-34zM208 336c-70.7 0-128-57.2-128-128 0-70.7 57.2-128 128-128 70.7 0 128 57.2 128 128 0 70.7-57.2 128-128 128z\"><\/path><\/svg><\/div>\t\t\t\t\t\t\t\t\t\t\t\t\t<\/button>\n\t\t\t\t\t\n\t\t\t\t\t\t\t\t\t<\/div>\n\t\t\t<input type=\"hidden\" name=\"trp-form-language\" value=\"pl\"\/><\/form>\n\t\t<\/search>\n\t\t\t\t\t\t<\/div>\n\t\t\t\t<\/div>\n\t\t\t\t<div class=\"elementor-element elementor-element-bf55fce elementor-widget elementor-widget-html\" data-id=\"bf55fce\" data-element_type=\"widget\" data-e-type=\"widget\" data-widget_type=\"html.default\">\n\t\t\t\t<div class=\"elementor-widget-container\">\n\t\t\t\t\t<style>\n    a.result-block {\n        color: #000;\n        text-decoration: none;\n        font-family: \"Public Sans\", sans-serif !important;\n        padding-top: 36px;\n        padding-bottom: 42px;\n        border-bottom: 1px solid #A4A3A3;\n    }\n    a.result-block p {\n        margin: 0;\n        font-family: \"Public Sans\", sans-serif !important;\n        letter-spacing: -0.2px;\n    }\n    a.result-block .result-block-title {\n        font-weight: 500 !important;\n        font-size: 1.125rem !important;\n        line-height: 1.5rem !important;\n    }\n    a.result-block .result-block-date {\n        font-weight: 200 !important;\n        font-size: 0.75rem !important;\n    }\n    a.result-block .result-block-description, a.result-block .result-block-description p, a.result-block .result-block-description *{\n        font-weight: 200 !important;\n        font-size: 0.875rem !important;\n        line-height: 1.5rem !important;\n    }\n    \n    .common-search-value {\n        cursor: pointer;\n    }\n    \n    #no-data-value {\n        font-weight: 600;\n    }\n<\/style>\n<script> \n    window.addEventListener(\"load\", function() {\n        const searchForm =  document.querySelector(\"form.elementor-search-form\");\n        const commonSearchContainer = document.querySelector(\"#common-search-container\");\n        const loadingContainer = document.querySelector(\"#loading-container\");\n        const searchResultWrapper = document.querySelector(\"#result-wrapper\");\n        const searchResultContainer = document.querySelector(\"#result-container\");\n        \n        const searchResultValueWrapper = document.querySelector(\"#search-value\");\n        \n        const sortByRelevantButton = document.querySelector(\"#most-relevant\");\n        const sortByDateButton = document.querySelector(\"#date\");\n        \n        const noDataContainer = document.querySelector(\"#no-data-container\");\n        const noDataValue = document.querySelector(\"#no-data-value\");\n        \n        const loadMoreButton = document.querySelector(\"#load-more-button\");\n        \n        const resultBlockTemplate = `\n            <p class=\"result-block-title\">%%title%%<\/p>\n            <p class=\"result-block-date\">%%date%%<\/p>\n            <div class=\"result-block-description\">%%description%%<\/div>\n            `;\n        let response;\n        let responseSorted;\n        let currentPage;\n        sortByRelevantButton.addEventListener(\"click\", function(){\n            sortTool(this, response);\n        });\n        \n        sortByDateButton.addEventListener(\"click\", function(){\n            sortTool(this, responseSorted);\n        });\n        \n        loadMoreButton.addEventListener(\"click\", async function(e){\n            e.preventDefault();\n            this.style.opacity = 0.7;\n            this.setAttribute(\"disabled\", \"\");\n            const searchForm =  document.querySelector(\"form.elementor-search-form\");\n            const searchInput = searchForm.querySelector(\"input\");\n            const value = searchInput.value;\n             const url = `${window.location.origin}\/wp-json\/wp\/v2\/posts?search=${value}&per_page=8&page=${++currentPage}`;\n             const responseRawNew = await fetch(url);\n             const responseNew = await responseRawNew.json();\n             \n             response = [...responseNew, ...response];\n             responseSorted = [...response];\n             responseSorted.sort((a,b) => {\n                return a.id - b.id;\n             });\n             \n             renderResult(response);\n             \n            const nextUrl = `${url}&page=${currentPage+1}`;\n            const newResponse = await fetch(nextUrl);\n            if (newResponse.ok) {\n                this.style.opacity = 1;\n                this.removeAttribute(\"disabled\");\n                this.style.display = \"block\";\n            }else {\n                this.style.display = \"none\";\n            }\n        });\n        \n        searchForm.addEventListener(\"submit\", async function(e) {\n            e.preventDefault();\n            const value = e.target[0].value;\n            if (value.length === 0) return alert(\"value cant be empty\");\n            \n            currentPage = 1;\n            searchResultValueWrapper.textContent = value;\n            commonSearchContainer.style.display= \"none\";\n            noDataContainer.style.display= \"none\";\n            loadingContainer.style.display= \"block\";\n            searchResultWrapper.style.display= \"none\";\n            \n            const url = `${window.location.origin}\/wp-json\/wp\/v2\/posts?search=${value}&per_page=8`;\n            \n            const resRaw = await fetch(url);\n            response = await resRaw.json();\n            responseSorted = [...response];\n            responseSorted.sort((a,b) => {\n               return a.id - b.id;\n            });\n            \n            if (response.length > 0) {\n                renderResult(response);\n                loadingContainer.style.display= \"none\";\n                searchResultWrapper.style.display= \"block\";\n                \n                const nextUrl = `${url}&page=${++currentPage}`;\n                const newResponse = await fetch(nextUrl);\n                if (newResponse.ok) {\n                    loadMoreButton.style.display = \"block\";\n                }\n            }else {\n                loadMoreButton.style.display= \"none\";\n                loadingContainer.style.display= \"none\";\n                noDataContainer.style.display= \"block\";\n                noDataValue.textContent = `\u201c${value}\u201d`;\n            }\n        });\n        function renderResult(response) {\n            searchResultContainer.innerHTML = \"\";\n            response.forEach(res => {\n                const resultBlock = document.createElement(\"a\");\n                resultBlock.classList.add(\"result-block\");\n                resultBlock.setAttribute(\"href\", res.link);\n                \n                let resultBlockContent = resultBlockTemplate.replace('%%title%%', res.title.rendered);\n                const postDate = new Date(res.date);\n                const month = postDate.toLocaleString('default', { month: 'long' });\n                let topic = res.acf.topic ? res.acf.topic.toUpperCase() : \"NO TOPIC\";\n                const date = `${postDate.getDate()}`.padStart(2, \"0\");\n                resultBlockContent = resultBlockContent.replace(\"%%date%%\", `${topic} | ${month} ${date} ${postDate.getFullYear()}`);\n                resultBlockContent = resultBlockContent.replace('%%description%%', res.excerpt.rendered);\n                \n                resultBlock.innerHTML = resultBlockContent;\n                searchResultContainer.appendChild(resultBlock);\n            });\n        }\n        function sortTool(button, response){\n            const isActive = button.classList.contains('active');\n            if (isActive) return;\n            const sortButtons = document.querySelectorAll(\".tool-sort-button\");\n            [...sortButtons].forEach(b => b.classList.remove('active'));\n            button.classList.add('active');\n            renderResult(response);\n        }\n    });\n<\/script>\t\t\t\t<\/div>\n\t\t\t\t<\/div>\n\t\t<div class=\"elementor-element elementor-element-58a80cb e-flex e-con-boxed e-con e-child\" data-id=\"58a80cb\" data-element_type=\"container\" data-e-type=\"container\" data-settings=\"{&quot;background_background&quot;:&quot;classic&quot;}\">\n\t\t\t\t\t<div class=\"e-con-inner\">\n\t\t<div class=\"elementor-element elementor-element-f674022 e-flex e-con-boxed e-con e-child\" data-id=\"f674022\" data-element_type=\"container\" data-e-type=\"container\" id=\"common-search-container\">\n\t\t\t\t\t<div class=\"e-con-inner\">\n\t\t\t\t<div class=\"elementor-element elementor-element-f0f060b elementor-widget elementor-widget-heading\" data-id=\"f0f060b\" data-element_type=\"widget\" data-e-type=\"widget\" data-widget_type=\"heading.default\">\n\t\t\t\t<div class=\"elementor-widget-container\">\n\t\t\t\t\t<h2 class=\"elementor-heading-title elementor-size-default\">Popularne wyszukiwania<\/h2>\t\t\t\t<\/div>\n\t\t\t\t<\/div>\n\t\t<div class=\"elementor-element elementor-element-a24c2d4 e-flex e-con-boxed e-con e-child\" data-id=\"a24c2d4\" data-element_type=\"container\" data-e-type=\"container\">\n\t\t\t\t\t<div class=\"e-con-inner\">\n\t\t<div class=\"elementor-element elementor-element-4199342 common-search-value e-flex e-con-boxed e-con e-child\" data-id=\"4199342\" data-element_type=\"container\" data-e-type=\"container\">\n\t\t\t\t\t<div class=\"e-con-inner\">\n\t\t\t\t<div class=\"elementor-element elementor-element-4cc8375 elementor-widget elementor-widget-text-editor\" data-id=\"4cc8375\" data-element_type=\"widget\" data-e-type=\"widget\" data-widget_type=\"text-editor.default\">\n\t\t\t\t<div class=\"elementor-widget-container\">\n\t\t\t\t\t\t\t\t\t<p>Wska\u017anik gotowo\u015bci inteligentnego przemys\u0142u (SIRI)<\/p>\t\t\t\t\t\t\t\t<\/div>\n\t\t\t\t<\/div>\n\t\t\t\t\t<\/div>\n\t\t\t\t<\/div>\n\t\t<div class=\"elementor-element elementor-element-56447cb common-search-value e-flex e-con-boxed e-con e-child\" data-id=\"56447cb\" data-element_type=\"container\" data-e-type=\"container\">\n\t\t\t\t\t<div class=\"e-con-inner\">\n\t\t\t\t<div class=\"elementor-element elementor-element-a712417 elementor-widget elementor-widget-text-editor\" data-id=\"a712417\" data-element_type=\"widget\" data-e-type=\"widget\" data-widget_type=\"text-editor.default\">\n\t\t\t\t<div class=\"elementor-widget-container\">\n\t\t\t\t\t\t\t\t\t<p>Wska\u017anik gotowo\u015bci przemys\u0142u na rzecz zr\u00f3wnowa\u017conego rozwoju konsument\u00f3w (COSIRI)<\/p>\t\t\t\t\t\t\t\t<\/div>\n\t\t\t\t<\/div>\n\t\t\t\t\t<\/div>\n\t\t\t\t<\/div>\n\t\t<div class=\"elementor-element elementor-element-e5bea02 common-search-value e-flex e-con-boxed e-con e-child\" data-id=\"e5bea02\" data-element_type=\"container\" data-e-type=\"container\">\n\t\t\t\t\t<div class=\"e-con-inner\">\n\t\t\t\t<div class=\"elementor-element elementor-element-b1d139e elementor-widget elementor-widget-text-editor\" data-id=\"b1d139e\" data-element_type=\"widget\" data-e-type=\"widget\" data-widget_type=\"text-editor.default\">\n\t\t\t\t<div class=\"elementor-widget-container\">\n\t\t\t\t\t\t\t\t\t<p>SYRI<\/p>\t\t\t\t\t\t\t\t<\/div>\n\t\t\t\t<\/div>\n\t\t\t\t\t<\/div>\n\t\t\t\t<\/div>\n\t\t<div class=\"elementor-element elementor-element-ee2c3d7 common-search-value e-flex e-con-boxed e-con e-child\" data-id=\"ee2c3d7\" data-element_type=\"container\" data-e-type=\"container\">\n\t\t\t\t\t<div class=\"e-con-inner\">\n\t\t\t\t<div class=\"elementor-element elementor-element-72c18e5 elementor-widget elementor-widget-text-editor\" data-id=\"72c18e5\" data-element_type=\"widget\" data-e-type=\"widget\" data-widget_type=\"text-editor.default\">\n\t\t\t\t<div class=\"elementor-widget-container\">\n\t\t\t\t\t\t\t\t\t<p>Oficjalna ocena SIRI<\/p>\t\t\t\t\t\t\t\t<\/div>\n\t\t\t\t<\/div>\n\t\t\t\t\t<\/div>\n\t\t\t\t<\/div>\n\t\t<div class=\"elementor-element elementor-element-9b8d360 common-search-value e-flex e-con-boxed e-con e-child\" data-id=\"9b8d360\" data-element_type=\"container\" data-e-type=\"container\">\n\t\t\t\t\t<div class=\"e-con-inner\">\n\t\t\t\t<div class=\"elementor-element elementor-element-47b4715 elementor-widget elementor-widget-text-editor\" data-id=\"47b4715\" data-element_type=\"widget\" data-e-type=\"widget\" data-widget_type=\"text-editor.default\">\n\t\t\t\t<div class=\"elementor-widget-container\">\n\t\t\t\t\t\t\t\t\t<p>Oficjalna ocena COSIRI<\/p>\t\t\t\t\t\t\t\t<\/div>\n\t\t\t\t<\/div>\n\t\t\t\t\t<\/div>\n\t\t\t\t<\/div>\n\t\t<div class=\"elementor-element elementor-element-ce37862 common-search-value e-flex e-con-boxed e-con e-child\" data-id=\"ce37862\" data-element_type=\"container\" data-e-type=\"container\">\n\t\t\t\t\t<div class=\"e-con-inner\">\n\t\t\t\t<div class=\"elementor-element elementor-element-20d2335 elementor-widget elementor-widget-text-editor\" data-id=\"20d2335\" data-element_type=\"widget\" data-e-type=\"widget\" data-widget_type=\"text-editor.default\">\n\t\t\t\t<div class=\"elementor-widget-container\">\n\t\t\t\t\t\t\t\t\t<p>Certyfikowany Asesor SIRI<\/p>\t\t\t\t\t\t\t\t<\/div>\n\t\t\t\t<\/div>\n\t\t\t\t\t<\/div>\n\t\t\t\t<\/div>\n\t\t<div class=\"elementor-element elementor-element-812728d common-search-value e-flex e-con-boxed e-con e-child\" data-id=\"812728d\" data-element_type=\"container\" data-e-type=\"container\">\n\t\t\t\t\t<div class=\"e-con-inner\">\n\t\t\t\t<div class=\"elementor-element elementor-element-7bc451b elementor-widget elementor-widget-text-editor\" data-id=\"7bc451b\" data-element_type=\"widget\" data-e-type=\"widget\" data-widget_type=\"text-editor.default\">\n\t\t\t\t<div class=\"elementor-widget-container\">\n\t\t\t\t\t\t\t\t\t<p>Certyfikowany Asesor COSIRI<\/p>\t\t\t\t\t\t\t\t<\/div>\n\t\t\t\t<\/div>\n\t\t\t\t\t<\/div>\n\t\t\t\t<\/div>\n\t\t<div class=\"elementor-element elementor-element-6952ff2 common-search-value e-flex e-con-boxed e-con e-child\" data-id=\"6952ff2\" data-element_type=\"container\" data-e-type=\"container\">\n\t\t\t\t\t<div class=\"e-con-inner\">\n\t\t\t\t<div class=\"elementor-element elementor-element-a11fa96 elementor-widget elementor-widget-text-editor\" data-id=\"a11fa96\" data-element_type=\"widget\" data-e-type=\"widget\" data-widget_type=\"text-editor.default\">\n\t\t\t\t<div class=\"elementor-widget-container\">\n\t\t\t\t\t\t\t\t\t<p>Studia przypadk\u00f3w<\/p>\t\t\t\t\t\t\t\t<\/div>\n\t\t\t\t<\/div>\n\t\t\t\t\t<\/div>\n\t\t\t\t<\/div>\n\t\t<div class=\"elementor-element elementor-element-6ffea14 common-search-value e-flex e-con-boxed e-con e-child\" data-id=\"6ffea14\" data-element_type=\"container\" data-e-type=\"container\">\n\t\t\t\t\t<div class=\"e-con-inner\">\n\t\t\t\t<div class=\"elementor-element elementor-element-ce41b60 elementor-widget elementor-widget-text-editor\" data-id=\"ce41b60\" data-element_type=\"widget\" data-e-type=\"widget\" data-widget_type=\"text-editor.default\">\n\t\t\t\t<div class=\"elementor-widget-container\">\n\t\t\t\t\t\t\t\t\t<p>Wsp\u00f3\u0142praca<\/p>\t\t\t\t\t\t\t\t<\/div>\n\t\t\t\t<\/div>\n\t\t\t\t\t<\/div>\n\t\t\t\t<\/div>\n\t\t\t\t\t<\/div>\n\t\t\t\t<\/div>\n\t\t\t\t\t<\/div>\n\t\t\t\t<\/div>\n\t\t\t\t<div class=\"elementor-element elementor-element-73de93a elementor-widget elementor-widget-html\" data-id=\"73de93a\" data-element_type=\"widget\" data-e-type=\"widget\" data-widget_type=\"html.default\">\n\t\t\t\t<div class=\"elementor-widget-container\">\n\t\t\t\t\t<script>\n    const allCommonSearchValue = document.querySelectorAll(\".common-search-value p\");\n    [...allCommonSearchValue].forEach(com => {\n        com.addEventListener(\"click\", function() {\n            const value = this.textContent.trim();\n            console.log(value);\n            const searchForm =  document.querySelector(\"form.elementor-search-form\");\n            const searchInput = searchForm.querySelector(\"input\");\n            \n            searchInput.value = value;\n            const submitEvent = new Event('submit');\n            searchForm.dispatchEvent(submitEvent);\n        });\n    });\n<\/script>\t\t\t\t<\/div>\n\t\t\t\t<\/div>\n\t\t<div class=\"elementor-element elementor-element-2b97a6a e-con-full e-flex e-con e-child\" data-id=\"2b97a6a\" data-element_type=\"container\" data-e-type=\"container\" id=\"loading-container\">\n\t\t\t\t<div class=\"elementor-element elementor-element-bfd3311 elementor-view-default elementor-widget elementor-widget-icon\" data-id=\"bfd3311\" data-element_type=\"widget\" data-e-type=\"widget\" data-widget_type=\"icon.default\">\n\t\t\t\t<div class=\"elementor-widget-container\">\n\t\t\t\t\t\t\t<div class=\"elementor-icon-wrapper\">\n\t\t\t<div class=\"elementor-icon\">\n\t\t\t\t\t\t<\/div>\n\t\t<\/div>\n\t\t\t\t\t\t<\/div>\n\t\t\t\t<\/div>\n\t\t\t\t<\/div>\n\t\t<div class=\"elementor-element elementor-element-96f5e40 e-con-full e-flex e-con e-child\" data-id=\"96f5e40\" data-element_type=\"container\" data-e-type=\"container\" id=\"no-data-container\">\n\t\t\t\t<div class=\"elementor-element elementor-element-0adece4 elementor-widget elementor-widget-text-editor\" data-id=\"0adece4\" data-element_type=\"widget\" data-e-type=\"widget\" data-widget_type=\"text-editor.default\">\n\t\t\t\t<div class=\"elementor-widget-container\">\n\t\t\t\t\t\t\t\t\t<p>Brak wynik\u00f3w wyszukiwania dla <span id=\"no-data-value\"><\/span>. Spr\u00f3buj innego wyszukiwania.<\/p>\t\t\t\t\t\t\t\t<\/div>\n\t\t\t\t<\/div>\n\t\t\t\t<\/div>\n\t\t<div class=\"elementor-element elementor-element-c9eadea e-con-full e-flex e-con e-child\" data-id=\"c9eadea\" data-element_type=\"container\" data-e-type=\"container\" id=\"result-wrapper\">\n\t\t<div class=\"elementor-element elementor-element-83cf8e8 e-flex e-con-boxed e-con e-child\" data-id=\"83cf8e8\" data-element_type=\"container\" data-e-type=\"container\">\n\t\t\t\t\t<div class=\"e-con-inner\">\n\t\t\t\t<div class=\"elementor-element elementor-element-b47147f elementor-widget elementor-widget-text-editor\" data-id=\"b47147f\" data-element_type=\"widget\" data-e-type=\"widget\" id=\"search-value-display\" data-widget_type=\"text-editor.default\">\n\t\t\t\t<div class=\"elementor-widget-container\">\n\t\t\t\t\t\t\t\t\t<p>Wyniki wyszukiwania dla \u201e<span id=\"search-value\">XXX<\/span>\u201d<\/p>\t\t\t\t\t\t\t\t<\/div>\n\t\t\t\t<\/div>\n\t\t<div class=\"elementor-element elementor-element-7a19149 e-flex e-con-boxed e-con e-child\" data-id=\"7a19149\" data-element_type=\"container\" data-e-type=\"container\">\n\t\t\t\t\t<div class=\"e-con-inner\">\n\t\t\t\t<div class=\"elementor-element elementor-element-7668317 elementor-widget elementor-widget-text-editor\" data-id=\"7668317\" data-element_type=\"widget\" data-e-type=\"widget\" data-widget_type=\"text-editor.default\">\n\t\t\t\t<div class=\"elementor-widget-container\">\n\t\t\t\t\t\t\t\t\tWSZYSTKIE WYNIKI\t\t\t\t\t\t\t\t<\/div>\n\t\t\t\t<\/div>\n\t\t\t\t<div class=\"elementor-element elementor-element-a051d55 elementor-widget elementor-widget-text-editor\" data-id=\"a051d55\" data-element_type=\"widget\" data-e-type=\"widget\" data-widget_type=\"text-editor.default\">\n\t\t\t\t<div class=\"elementor-widget-container\">\n\t\t\t\t\t\t\t\t\t<span id=\"tool-sort\">Sortuj wed\u0142ug: <span id=\"most-relevant\" class=\"tool-sort-button active\">Najbardziej istotne<\/span> | <span id=\"date\" class=\"tool-sort-button\">Data<\/span>\n<\/span>\t\t\t\t\t\t\t\t<\/div>\n\t\t\t\t<\/div>\n\t\t\t\t\t<\/div>\n\t\t\t\t<\/div>\n\t\t\t\t\t<\/div>\n\t\t\t\t<\/div>\n\t\t<div class=\"elementor-element elementor-element-4a08013 e-flex e-con-boxed e-con e-child\" data-id=\"4a08013\" data-element_type=\"container\" data-e-type=\"container\" id=\"result-container\">\n\t\t\t\t\t<div class=\"e-con-inner\">\n\t\t\t\t\t<\/div>\n\t\t\t\t<\/div>\n\t\t\t\t<div class=\"elementor-element elementor-element-c1960e5 elementor-align-center elementor-widget elementor-widget-button\" data-id=\"c1960e5\" data-element_type=\"widget\" data-e-type=\"widget\" id=\"load-more-button\" data-widget_type=\"button.default\">\n\t\t\t\t<div class=\"elementor-widget-container\">\n\t\t\t\t\t\t\t\t\t<div class=\"elementor-button-wrapper\">\n\t\t\t\t\t<a class=\"elementor-button elementor-button-link elementor-size-sm\" href=\"#\">\n\t\t\t\t\t\t<span class=\"elementor-button-content-wrapper\">\n\t\t\t\t\t\t<span class=\"elementor-button-icon\">\n\t\t\t\t\t\t\t<\/span>\n\t\t\t\t\t\t\t\t\t<span class=\"elementor-button-text\">Za\u0142aduj wi\u0119cej<\/span>\n\t\t\t\t\t<\/span>\n\t\t\t\t\t<\/a>\n\t\t\t\t<\/div>\n\t\t\t\t\t\t\t\t<\/div>\n\t\t\t\t<\/div>\n\t\t\t\t<\/div>\n\t\t\t\t\t<\/div>\n\t\t\t\t<\/div>\n\t\t\t\t<\/div>\n\t\t\t\t\t<\/div>\n\t\t\t\t<\/div>\n\t\t\t\t<\/div>","protected":false},"excerpt":{"rendered":"<p>Popularne wyszukiwania Wska\u017anik gotowo\u015bci inteligentnego przemys\u0142u (SIRI) Wska\u017anik gotowo\u015bci zr\u00f3wnowa\u017conego rozwoju konsument\u00f3w (COSIRI) Oficjalna ocena SIRI Oficjalna ocena COSIRI Certyfikowany asesor SIRI Certyfikowany asesor COSIRI Studia przypadk\u00f3w Partnerstwo Brak wynik\u00f3w wyszukiwania dla . Spr\u00f3buj innego wyszukiwania. Wyniki wyszukiwania dla \u201eXXX\u201d WSZYSTKIE WYNIKI Sortuj wed\u0142ug: Najbardziej trafne | Data Za\u0142aduj wi\u0119cej<\/p>","protected":false},"author":1,"featured_media":0,"parent":0,"menu_order":0,"comment_status":"closed","ping_status":"closed","template":"","meta":{"_acf_changed":false,"footnotes":""},"class_list":["post-29995","page","type-page","status-publish","hentry"],"acf":[],"_links":{"self":[{"href":"https:\/\/incit.org\/pl\/wp-json\/wp\/v2\/pages\/29995","targetHints":{"allow":["GET"]}}],"collection":[{"href":"https:\/\/incit.org\/pl\/wp-json\/wp\/v2\/pages"}],"about":[{"href":"https:\/\/incit.org\/pl\/wp-json\/wp\/v2\/types\/page"}],"author":[{"embeddable":true,"href":"https:\/\/incit.org\/pl\/wp-json\/wp\/v2\/users\/1"}],"replies":[{"embeddable":true,"href":"https:\/\/incit.org\/pl\/wp-json\/wp\/v2\/comments?post=29995"}],"version-history":[{"count":6,"href":"https:\/\/incit.org\/pl\/wp-json\/wp\/v2\/pages\/29995\/revisions"}],"predecessor-version":[{"id":35698,"href":"https:\/\/incit.org\/pl\/wp-json\/wp\/v2\/pages\/29995\/revisions\/35698"}],"wp:attachment":[{"href":"https:\/\/incit.org\/pl\/wp-json\/wp\/v2\/media?parent=29995"}],"curies":[{"name":"wp","href":"https:\/\/api.w.org\/{rel}","templated":true}]}}