{"id":40304,"date":"2025-09-26T15:04:58","date_gmt":"2025-09-26T07:04:58","guid":{"rendered":"https:\/\/incit.org\/?page_id=40304"},"modified":"2025-10-17T17:45:05","modified_gmt":"2025-10-17T09:45:05","slug":"verify","status":"publish","type":"page","link":"https:\/\/incit.org\/tr\/verify\/","title":{"rendered":"Belgeleri Do\u011frula"},"content":{"rendered":"<div data-elementor-type=\"wp-page\" data-elementor-id=\"40304\" class=\"elementor elementor-40304\" data-elementor-post-type=\"page\">\n\t\t\t\t<div class=\"elementor-element elementor-element-30674d7 e-flex e-con-boxed e-con e-parent\" data-id=\"30674d7\" data-element_type=\"container\" data-e-type=\"container\">\n\t\t\t\t\t<div class=\"e-con-inner\">\n\t\t<div class=\"elementor-element elementor-element-e78594a e-con-full e-flex e-con e-child\" data-id=\"e78594a\" data-element_type=\"container\" data-e-type=\"container\">\n\t\t\t\t<div class=\"elementor-element elementor-element-5e885df incit-purple-gradient-1 elementor-widget elementor-widget-heading\" data-id=\"5e885df\" data-element_type=\"widget\" data-e-type=\"widget\" data-widget_type=\"heading.default\">\n\t\t\t\t<div class=\"elementor-widget-container\">\n\t\t\t\t\t<h1 class=\"elementor-heading-title elementor-size-default\">Belgeyi Do\u011frula<\/h1>\t\t\t\t<\/div>\n\t\t\t\t<\/div>\n\t\t\t\t<div class=\"elementor-element elementor-element-ea8f59f elementor-widget__width-inherit elementor-widget elementor-widget-text-editor\" data-id=\"ea8f59f\" data-element_type=\"widget\" data-e-type=\"widget\" data-widget_type=\"text-editor.default\">\n\t\t\t\t<div class=\"elementor-widget-container\">\n\t\t\t\t\t\t\t\t\t<p>T\u00fcm\u00fcn\u00fcn ger\u00e7ekli\u011fini do\u011frulay\u0131n <strong>INCIT Sertifikal\u0131 De\u011ferlendirici<\/strong> Ve <strong>Resmi De\u011ferlendirmeler<\/strong><\/p>\t\t\t\t\t\t\t\t<\/div>\n\t\t\t\t<\/div>\n\t\t\t\t<\/div>\n\t\t\t\t\t<\/div>\n\t\t\t\t<\/div>\n\t\t<div class=\"elementor-element elementor-element-902c456 e-flex e-con-boxed e-con e-parent\" data-id=\"902c456\" data-element_type=\"container\" data-e-type=\"container\">\n\t\t\t\t\t<div class=\"e-con-inner\">\n\t\t<div class=\"elementor-element elementor-element-eb0eb37 e-con-full e-flex e-con e-child\" data-id=\"eb0eb37\" data-element_type=\"container\" data-e-type=\"container\">\n\t\t\t\t<div class=\"elementor-element elementor-element-f61e1b0 elementor-widget elementor-widget-text-editor\" data-id=\"f61e1b0\" data-element_type=\"widget\" data-e-type=\"widget\" data-widget_type=\"text-editor.default\">\n\t\t\t\t<div class=\"elementor-widget-container\">\n\t\t\t\t\t\t\t\t\t<p>Sertifikay\u0131 kontrol edip onaylayaca\u011f\u0131z <strong>do\u011frudan INCIIT taraf\u0131ndan yay\u0131nlanm\u0131\u015ft\u0131r<\/strong>.<br \/>Bu, kimlik belgesinin ger\u00e7ekli\u011fini ve ge\u00e7erlili\u011fini garanti alt\u0131na al\u0131r.<\/p>\t\t\t\t\t\t\t\t<\/div>\n\t\t\t\t<\/div>\n\t\t<div class=\"elementor-element elementor-element-b12005d e-con-full e-flex e-con e-child\" data-id=\"b12005d\" data-element_type=\"container\" data-e-type=\"container\">\n\t\t<a class=\"elementor-element elementor-element-6c4c049 e-con-full siri-card-learnmore e-flex e-con e-child\" data-id=\"6c4c049\" data-element_type=\"container\" data-e-type=\"container\" data-settings=\"{&quot;background_background&quot;:&quot;classic&quot;}\" href=\"https:\/\/incit.org\/tr\/verify\/scan-qr\/\">\n\t\t<div class=\"elementor-element elementor-element-4854656 e-con-full e-flex e-con e-child\" data-id=\"4854656\" data-element_type=\"container\" data-e-type=\"container\">\n\t\t\t\t<div class=\"elementor-element elementor-element-02f84a4 elementor-widget elementor-widget-heading\" data-id=\"02f84a4\" data-element_type=\"widget\" data-e-type=\"widget\" data-widget_type=\"heading.default\">\n\t\t\t\t<div class=\"elementor-widget-container\">\n\t\t\t\t\t<h2 class=\"elementor-heading-title elementor-size-default\">QR Kodunu Tara<\/h2>\t\t\t\t<\/div>\n\t\t\t\t<\/div>\n\t\t\t\t<div class=\"elementor-element elementor-element-3a4016e elementor-widget elementor-widget-text-editor\" data-id=\"3a4016e\" data-element_type=\"widget\" data-e-type=\"widget\" data-widget_type=\"text-editor.default\">\n\t\t\t\t<div class=\"elementor-widget-container\">\n\t\t\t\t\t\t\t\t\t<p>Belgenizin ger\u00e7ekli\u011fini do\u011frulamak i\u00e7in, basit\u00e7e <strong>QR kodunu taray\u0131n<\/strong> ve resmi INCIT do\u011frulamas\u0131n\u0131 ba\u015flat\u0131n.<\/p>\t\t\t\t\t\t\t\t<\/div>\n\t\t\t\t<\/div>\n\t\t\t\t<\/div>\n\t\t\t\t<div class=\"elementor-element elementor-element-658098b elementor-hidden-tablet elementor-hidden-mobile elementor-widget elementor-widget-image\" data-id=\"658098b\" data-element_type=\"widget\" data-e-type=\"widget\" data-widget_type=\"image.default\">\n\t\t\t\t<div class=\"elementor-widget-container\">\n\t\t\t\t\t\t\t\t\t\t\t\t\t\t\t<img fetchpriority=\"high\" decoding=\"async\" width=\"768\" height=\"655\" src=\"https:\/\/assets.incit.org\/wp-content\/uploads\/2025\/10\/17162737\/qr-image-1-768x655.png\" class=\"attachment-medium_large size-medium_large wp-image-40988\" alt=\"\" srcset=\"https:\/\/assets.incit.org\/wp-content\/uploads\/2025\/10\/17162737\/qr-image-1-768x655.png 768w, https:\/\/assets.incit.org\/wp-content\/uploads\/2025\/10\/17162737\/qr-image-1-300x256.png 300w, https:\/\/assets.incit.org\/wp-content\/uploads\/2025\/10\/17162737\/qr-image-1-1024x873.png 1024w, https:\/\/assets.incit.org\/wp-content\/uploads\/2025\/10\/17162737\/qr-image-1-1536x1310.png 1536w, https:\/\/assets.incit.org\/wp-content\/uploads\/2025\/10\/17162737\/qr-image-1-14x12.png 14w, https:\/\/assets.incit.org\/wp-content\/uploads\/2025\/10\/17162737\/qr-image-1.png 1904w\" sizes=\"(max-width: 768px) 100vw, 768px\" \/>\t\t\t\t\t\t\t\t\t\t\t\t\t\t\t<\/div>\n\t\t\t\t<\/div>\n\t\t\t\t<div class=\"elementor-element elementor-element-3d9d1ec elementor-absolute elementor-widget elementor-widget-template\" data-id=\"3d9d1ec\" data-element_type=\"widget\" data-e-type=\"widget\" data-settings=\"{&quot;_position&quot;:&quot;absolute&quot;}\" data-widget_type=\"template.default\">\n\t\t\t\t<div class=\"elementor-widget-container\">\n\t\t\t\t\t\t\t<div class=\"elementor-template\">\n\t\t\t\t\t<div data-elementor-type=\"container\" data-elementor-id=\"34322\" class=\"elementor elementor-34322\" data-elementor-post-type=\"elementor_library\">\n\t\t\t\t<div class=\"elementor-element elementor-element-502f2daa e-flex e-con-boxed e-con e-parent\" data-id=\"502f2daa\" data-element_type=\"container\" data-e-type=\"container\">\n\t\t\t\t\t<div class=\"e-con-inner\">\n\t\t\t\t<div class=\"elementor-element elementor-element-5eec43b0 elementor-widget elementor-widget-html\" data-id=\"5eec43b0\" data-element_type=\"widget\" data-e-type=\"widget\" data-widget_type=\"html.default\">\n\t\t\t\t<div class=\"elementor-widget-container\">\n\t\t\t\t\t\n<!--use siri-card-learnmore class for the parent-->\n\n<style>\n.siri-learn-more-button {\n    padding: 0;\n    margin: 0;\n    column-gap: 1rem;\n    border: none;\n    display: flex;\n    align-items: center;\n}\n\n.siri-learn-more-button:hover, .siri-learn-more-button:focus {\n    background-color: transparent;\n}\n\n.siri-learn-more-button .siri-button-text {\n    font-family: \"Open Sans\", Sans-serif;\n    font-size: 1rem;\n    font-weight: 600;\n    letter-spacing: -0.17px;\n    color: #0071e3;\n    line-height: 1;\n    \n    transform: translateX(10px);\n    opacity: 0;\n    pointer-events: none;\n    transition: 0.3s all ease;\n    \n    align-self: stretch;\n    background: white;\n    border-radius: 99px;\n    display: flex;\n    align-items: center;\n    padding: 0 12px;\n}\n.siri-learn-more-button .siri-button-icon {\n    display: flex;\n}\n.siri-learn-more-button .siri-button-icon svg > rect{\n    transition: 0.3s all ease;\n}\n\n.siri-card-learnmore:hover .siri-learn-more-button .siri-button-text{\n    transform: translateX(0);\n    opacity: 1;\n    pointer-events: auto;\n}\n.siri-card-learnmore:hover .siri-learn-more-button .siri-button-icon svg > rect{\n    fill: #0071e3;\n}\n<\/style>\n<button class=\"siri-learn-more-button\">\n    <span class=\"siri-button-text\">\n        Daha fazla bilgi edin\n    <\/span>\n    <span class=\"siri-button-icon\">\n        <svg width=\"36\" height=\"36\" viewbox=\"0 0 36 36\" fill=\"none\" xmlns=\"http:\/\/www.w3.org\/2000\/svg\">\n          <defs>\n            <clippath id=\"clipRect\">\n              <rect width=\"36\" height=\"36\" rx=\"18\" \/>\n            <\/clippath>\n          <\/defs>\n          <rect width=\"36\" height=\"36\" rx=\"18\" fill=\"#323232\"\/>\n          <g clip-path=\"url(#clipRect)\">\n            <path d=\"M24.525 16.659H19.35V11.475C19.35 11.117 19.2078 10.7736 18.9546 10.5204C18.7014 10.2672 18.358 10.125 18 10.125C17.642 10.125 17.2986 10.2672 17.0454 10.5204C16.7922 10.7736 16.65 11.117 16.65 11.475V16.65H11.475C11.117 16.65 10.7736 16.7922 10.5204 17.0454C10.2672 17.2986 10.125 17.642 10.125 18C10.125 18.358 10.2672 18.7014 10.5204 18.9546C10.7736 19.2078 11.117 19.35 11.475 19.35H16.65V24.525C16.65 24.883 16.7922 25.2264 17.0454 25.4796C17.2986 25.7328 17.642 25.875 18 25.875C18.358 25.875 18.7014 25.7328 18.9546 25.4796C19.2078 25.2264 19.35 24.883 19.35 24.525V19.35H24.525C24.883 19.35 25.2264 19.2078 25.4796 18.9546C25.7328 18.7014 25.875 18.358 25.875 18C25.875 17.642 25.7328 17.2986 25.4796 17.0454C25.2264 16.7922 24.883 16.65 24.525 16.65V16.659Z\" fill=\"#F4F4F4\"\/>\n          <\/g>\n        <\/svg>\n    <\/span>\n<\/button>\t\t\t\t<\/div>\n\t\t\t\t<\/div>\n\t\t\t\t\t<\/div>\n\t\t\t\t<\/div>\n\t\t\t\t<\/div>\n\t\t\t\t<\/div>\n\t\t\t\t\t\t<\/div>\n\t\t\t\t<\/div>\n\t\t\t\t<\/a>\n\t\t<a class=\"elementor-element elementor-element-ae8965d e-con-full siri-card-learnmore e-flex e-con e-child\" data-id=\"ae8965d\" data-element_type=\"container\" data-e-type=\"container\" data-settings=\"{&quot;background_background&quot;:&quot;classic&quot;}\" href=\"https:\/\/incit.org\/tr\/verify\/file\/\">\n\t\t<div class=\"elementor-element elementor-element-7017be4 e-con-full e-flex e-con e-child\" data-id=\"7017be4\" data-element_type=\"container\" data-e-type=\"container\">\n\t\t\t\t<div class=\"elementor-element elementor-element-807c50b elementor-widget elementor-widget-heading\" data-id=\"807c50b\" data-element_type=\"widget\" data-e-type=\"widget\" data-widget_type=\"heading.default\">\n\t\t\t\t<div class=\"elementor-widget-container\">\n\t\t\t\t\t<h2 class=\"elementor-heading-title elementor-size-default\">Dosyalar\u0131 Y\u00fckle<\/h2>\t\t\t\t<\/div>\n\t\t\t\t<\/div>\n\t\t\t\t<div class=\"elementor-element elementor-element-8fa564f elementor-widget elementor-widget-text-editor\" data-id=\"8fa564f\" data-element_type=\"widget\" data-e-type=\"widget\" data-widget_type=\"text-editor.default\">\n\t\t\t\t<div class=\"elementor-widget-container\">\n\t\t\t\t\t\t\t\t\t<p>Belgenizin ger\u00e7ekli\u011fini do\u011frulamak i\u00e7in, basit\u00e7e <strong>dosyay\u0131 y\u00fckle<\/strong> ve resmi INCIT do\u011frulamas\u0131n\u0131 ba\u015flat\u0131n.<\/p>\t\t\t\t\t\t\t\t<\/div>\n\t\t\t\t<\/div>\n\t\t\t\t<\/div>\n\t\t\t\t<div class=\"elementor-element elementor-element-137bea3 elementor-hidden-tablet elementor-hidden-mobile elementor-widget elementor-widget-image\" data-id=\"137bea3\" data-element_type=\"widget\" data-e-type=\"widget\" data-widget_type=\"image.default\">\n\t\t\t\t<div class=\"elementor-widget-container\">\n\t\t\t\t\t\t\t\t\t\t\t\t\t\t\t<img decoding=\"async\" width=\"768\" height=\"655\" src=\"https:\/\/assets.incit.org\/wp-content\/uploads\/2025\/10\/17162754\/file-image-768x655.png\" class=\"attachment-medium_large size-medium_large wp-image-40989\" alt=\"\" srcset=\"https:\/\/assets.incit.org\/wp-content\/uploads\/2025\/10\/17162754\/file-image-768x655.png 768w, https:\/\/assets.incit.org\/wp-content\/uploads\/2025\/10\/17162754\/file-image-300x256.png 300w, https:\/\/assets.incit.org\/wp-content\/uploads\/2025\/10\/17162754\/file-image-1024x873.png 1024w, https:\/\/assets.incit.org\/wp-content\/uploads\/2025\/10\/17162754\/file-image-1536x1310.png 1536w, https:\/\/assets.incit.org\/wp-content\/uploads\/2025\/10\/17162754\/file-image-14x12.png 14w, https:\/\/assets.incit.org\/wp-content\/uploads\/2025\/10\/17162754\/file-image.png 1904w\" sizes=\"(max-width: 768px) 100vw, 768px\" \/>\t\t\t\t\t\t\t\t\t\t\t\t\t\t\t<\/div>\n\t\t\t\t<\/div>\n\t\t\t\t<div class=\"elementor-element elementor-element-1619fd1 elementor-absolute elementor-widget elementor-widget-template\" data-id=\"1619fd1\" data-element_type=\"widget\" data-e-type=\"widget\" data-settings=\"{&quot;_position&quot;:&quot;absolute&quot;}\" data-widget_type=\"template.default\">\n\t\t\t\t<div class=\"elementor-widget-container\">\n\t\t\t\t\t\t\t<div class=\"elementor-template\">\n\t\t\t\t\t<div data-elementor-type=\"container\" data-elementor-id=\"34322\" class=\"elementor elementor-34322\" data-elementor-post-type=\"elementor_library\">\n\t\t\t\t<div class=\"elementor-element elementor-element-502f2daa e-flex e-con-boxed e-con e-parent\" data-id=\"502f2daa\" data-element_type=\"container\" data-e-type=\"container\">\n\t\t\t\t\t<div class=\"e-con-inner\">\n\t\t\t\t<div class=\"elementor-element elementor-element-5eec43b0 elementor-widget elementor-widget-html\" data-id=\"5eec43b0\" data-element_type=\"widget\" data-e-type=\"widget\" data-widget_type=\"html.default\">\n\t\t\t\t<div class=\"elementor-widget-container\">\n\t\t\t\t\t\n<!--use siri-card-learnmore class for the parent-->\n\n<style>\n.siri-learn-more-button {\n    padding: 0;\n    margin: 0;\n    column-gap: 1rem;\n    border: none;\n    display: flex;\n    align-items: center;\n}\n\n.siri-learn-more-button:hover, .siri-learn-more-button:focus {\n    background-color: transparent;\n}\n\n.siri-learn-more-button .siri-button-text {\n    font-family: \"Open Sans\", Sans-serif;\n    font-size: 1rem;\n    font-weight: 600;\n    letter-spacing: -0.17px;\n    color: #0071e3;\n    line-height: 1;\n    \n    transform: translateX(10px);\n    opacity: 0;\n    pointer-events: none;\n    transition: 0.3s all ease;\n    \n    align-self: stretch;\n    background: white;\n    border-radius: 99px;\n    display: flex;\n    align-items: center;\n    padding: 0 12px;\n}\n.siri-learn-more-button .siri-button-icon {\n    display: flex;\n}\n.siri-learn-more-button .siri-button-icon svg > rect{\n    transition: 0.3s all ease;\n}\n\n.siri-card-learnmore:hover .siri-learn-more-button .siri-button-text{\n    transform: translateX(0);\n    opacity: 1;\n    pointer-events: auto;\n}\n.siri-card-learnmore:hover .siri-learn-more-button .siri-button-icon svg > rect{\n    fill: #0071e3;\n}\n<\/style>\n<button class=\"siri-learn-more-button\">\n    <span class=\"siri-button-text\">\n        Daha fazla bilgi edin\n    <\/span>\n    <span class=\"siri-button-icon\">\n        <svg width=\"36\" height=\"36\" viewbox=\"0 0 36 36\" fill=\"none\" xmlns=\"http:\/\/www.w3.org\/2000\/svg\">\n          <defs>\n            <clippath id=\"clipRect\">\n              <rect width=\"36\" height=\"36\" rx=\"18\" \/>\n            <\/clippath>\n          <\/defs>\n          <rect width=\"36\" height=\"36\" rx=\"18\" fill=\"#323232\"\/>\n          <g clip-path=\"url(#clipRect)\">\n            <path d=\"M24.525 16.659H19.35V11.475C19.35 11.117 19.2078 10.7736 18.9546 10.5204C18.7014 10.2672 18.358 10.125 18 10.125C17.642 10.125 17.2986 10.2672 17.0454 10.5204C16.7922 10.7736 16.65 11.117 16.65 11.475V16.65H11.475C11.117 16.65 10.7736 16.7922 10.5204 17.0454C10.2672 17.2986 10.125 17.642 10.125 18C10.125 18.358 10.2672 18.7014 10.5204 18.9546C10.7736 19.2078 11.117 19.35 11.475 19.35H16.65V24.525C16.65 24.883 16.7922 25.2264 17.0454 25.4796C17.2986 25.7328 17.642 25.875 18 25.875C18.358 25.875 18.7014 25.7328 18.9546 25.4796C19.2078 25.2264 19.35 24.883 19.35 24.525V19.35H24.525C24.883 19.35 25.2264 19.2078 25.4796 18.9546C25.7328 18.7014 25.875 18.358 25.875 18C25.875 17.642 25.7328 17.2986 25.4796 17.0454C25.2264 16.7922 24.883 16.65 24.525 16.65V16.659Z\" fill=\"#F4F4F4\"\/>\n          <\/g>\n        <\/svg>\n    <\/span>\n<\/button>\t\t\t\t<\/div>\n\t\t\t\t<\/div>\n\t\t\t\t\t<\/div>\n\t\t\t\t<\/div>\n\t\t\t\t<\/div>\n\t\t\t\t<\/div>\n\t\t\t\t\t\t<\/div>\n\t\t\t\t<\/div>\n\t\t\t\t<\/a>\n\t\t\t\t<\/div>\n\t\t\t\t<\/div>\n\t\t\t\t\t<\/div>\n\t\t\t\t<\/div>\n\t\t\t\t<\/div>","protected":false},"excerpt":{"rendered":"<p>Belgeyi Do\u011frula T\u00fcm INCIT Sertifikal\u0131 De\u011ferlendirici ve Resmi De\u011ferlendirmelerinin do\u011frulu\u011funu do\u011frulay\u0131n. Sertifikan\u0131n do\u011frudan INCIT taraf\u0131ndan verildi\u011fini kontrol edip onaylayaca\u011f\u0131z. Bu, kimlik belgesinin do\u011frulu\u011funu ve ge\u00e7erlili\u011fini garanti eder. QR Kodunu Taray\u0131n. Belgenizin do\u011frulu\u011funu do\u011frulamak i\u00e7in QR kodunu taray\u0131n ve resmi INCIT do\u011frulamas\u0131n\u0131 ba\u015flat\u0131n. Dosyalar\u0131 [\u2026] adresine y\u00fckleyin.<\/p>","protected":false},"author":1,"featured_media":40969,"parent":0,"menu_order":0,"comment_status":"closed","ping_status":"closed","template":"","meta":{"_acf_changed":false,"footnotes":""},"class_list":["post-40304","page","type-page","status-publish","has-post-thumbnail","hentry"],"acf":[],"_links":{"self":[{"href":"https:\/\/incit.org\/tr\/wp-json\/wp\/v2\/pages\/40304","targetHints":{"allow":["GET"]}}],"collection":[{"href":"https:\/\/incit.org\/tr\/wp-json\/wp\/v2\/pages"}],"about":[{"href":"https:\/\/incit.org\/tr\/wp-json\/wp\/v2\/types\/page"}],"author":[{"embeddable":true,"href":"https:\/\/incit.org\/tr\/wp-json\/wp\/v2\/users\/1"}],"replies":[{"embeddable":true,"href":"https:\/\/incit.org\/tr\/wp-json\/wp\/v2\/comments?post=40304"}],"version-history":[{"count":30,"href":"https:\/\/incit.org\/tr\/wp-json\/wp\/v2\/pages\/40304\/revisions"}],"predecessor-version":[{"id":40995,"href":"https:\/\/incit.org\/tr\/wp-json\/wp\/v2\/pages\/40304\/revisions\/40995"}],"wp:featuredmedia":[{"embeddable":true,"href":"https:\/\/incit.org\/tr\/wp-json\/wp\/v2\/media\/40969"}],"wp:attachment":[{"href":"https:\/\/incit.org\/tr\/wp-json\/wp\/v2\/media?parent=40304"}],"curies":[{"name":"wp","href":"https:\/\/api.w.org\/{rel}","templated":true}]}}